{"id":1063,"date":"2025-10-03T21:18:50","date_gmt":"2025-10-03T21:18:50","guid":{"rendered":"https:\/\/liveteam.es\/?page_id=1063"},"modified":"2025-10-03T21:42:38","modified_gmt":"2025-10-03T21:42:38","slug":"pagina-de-gracias-ads","status":"publish","type":"page","link":"https:\/\/liveteam.es\/en\/pagina-de-gracias-ads\/","title":{"rendered":"P\u00e1gina de Gracias ads"},"content":{"rendered":"<div data-elementor-type=\"wp-page\" data-elementor-id=\"1063\" class=\"elementor elementor-1063\" data-elementor-post-type=\"page\">\n\t\t\t\t<div class=\"elementor-element elementor-element-c513670 e-flex e-con-boxed e-con e-parent\" data-id=\"c513670\" data-element_type=\"container\">\n\t\t\t\t\t<div class=\"e-con-inner\">\n\t\t\t\t<div class=\"elementor-element elementor-element-f0269d3 elementor-widget elementor-widget-spacer\" data-id=\"f0269d3\" data-element_type=\"widget\" data-widget_type=\"spacer.default\">\n\t\t\t\t<div class=\"elementor-widget-container\">\n\t\t\t\t\t\t\t<div class=\"elementor-spacer\">\n\t\t\t<div class=\"elementor-spacer-inner\"><\/div>\n\t\t<\/div>\n\t\t\t\t\t\t<\/div>\n\t\t\t\t<\/div>\n\t\t\t\t<div class=\"elementor-element elementor-element-1b02762 elementor-widget elementor-widget-heading\" data-id=\"1b02762\" data-element_type=\"widget\" data-widget_type=\"heading.default\">\n\t\t\t\t<div class=\"elementor-widget-container\">\n\t\t\t\t\t<h2 class=\"elementor-heading-title elementor-size-default\">\u00a1Gracias por confiar en Live Team!<\/h2>\t\t\t\t<\/div>\n\t\t\t\t<\/div>\n\t\t\t\t<div class=\"elementor-element elementor-element-a8de88f elementor-widget elementor-widget-text-editor\" data-id=\"a8de88f\" data-element_type=\"widget\" data-widget_type=\"text-editor.default\">\n\t\t\t\t<div class=\"elementor-widget-container\">\n\t\t\t\t\t\t\t\t\t<p data-start=\"323\" data-end=\"477\">Hemos recibido tu solicitud y en breve uno de nuestros especialistas en eventos se pondr\u00e1 en contacto contigo.<\/p><p data-start=\"484\" data-end=\"593\">Mientras tanto, piensa en la experiencia que quieres crear: nosotros nos encargamos de que sea inolvidable.<\/p>\t\t\t\t\t\t\t\t<\/div>\n\t\t\t\t<\/div>\n\t\t\t\t\t<\/div>\n\t\t\t\t<\/div>\n\t\t\t\t<section class=\"elementor-section elementor-top-section elementor-element elementor-element-0806fd4 elementor-section-full_width elementor-section-height-default elementor-section-height-default\" data-id=\"0806fd4\" data-element_type=\"section\">\n\t\t\t\t\t\t<div class=\"elementor-container elementor-column-gap-no\">\n\t\t\t\t\t<div class=\"elementor-column elementor-col-100 elementor-top-column elementor-element elementor-element-84e0caa\" data-id=\"84e0caa\" data-element_type=\"column\" data-settings=\"{&quot;background_background&quot;:&quot;classic&quot;}\">\n\t\t\t<div class=\"elementor-widget-wrap elementor-element-populated\">\n\t\t\t\t\t\t<section class=\"elementor-section elementor-inner-section elementor-element elementor-element-8273be1 elementor-section-boxed elementor-section-height-default elementor-section-height-default\" data-id=\"8273be1\" data-element_type=\"section\">\n\t\t\t\t\t\t<div class=\"elementor-container elementor-column-gap-no\">\n\t\t\t\t\t<div class=\"elementor-column elementor-col-100 elementor-inner-column elementor-element elementor-element-c19e898\" data-id=\"c19e898\" data-element_type=\"column\" data-settings=\"{&quot;animation&quot;:&quot;none&quot;}\">\n\t\t\t<div class=\"elementor-widget-wrap elementor-element-populated\">\n\t\t\t\t\t\t<div class=\"elementor-element elementor-element-b01f23e elementor-widget elementor-widget-heading\" data-id=\"b01f23e\" data-element_type=\"widget\" data-widget_type=\"heading.default\">\n\t\t\t\t<div class=\"elementor-widget-container\">\n\t\t\t\t\t<h2 class=\"elementor-heading-title elementor-size-default\">\u00bfTienes alguna duda?<\/h2>\t\t\t\t<\/div>\n\t\t\t\t<\/div>\n\t\t\t\t<div class=\"elementor-element elementor-element-ec0636d elementor-widget elementor-widget-eael-adv-accordion\" data-id=\"ec0636d\" data-element_type=\"widget\" data-widget_type=\"eael-adv-accordion.default\">\n\t\t\t\t<div class=\"elementor-widget-container\">\n\t\t\t\t\t            <div class=\"eael-adv-accordion\" id=\"eael-adv-accordion-ec0636d\" data-scroll-on-click=\"no\" data-scroll-speed=\"300\" data-accordion-id=\"ec0636d\" data-accordion-type=\"accordion\" data-toogle-speed=\"300\">\n            <div class=\"eael-accordion-list\">\n\t\t\t\t\t<div id=\"por-qu-contratar-a-live-team-para-organizar-una-cena-de-empresa\" class=\"elementor-tab-title eael-accordion-header\" tabindex=\"0\" data-tab=\"1\" aria-controls=\"elementor-tab-content-2471\"><span class=\"eael-advanced-accordion-icon-closed\"><svg aria-hidden=\"true\" class=\"fa-accordion-icon e-font-icon-svg e-fas-arrow-alt-circle-right\" viewbox=\"0 0 512 512\" xmlns=\"http:\/\/www.w3.org\/2000\/svg\"><path d=\"M256 8c137 0 248 111 248 248S393 504 256 504 8 393 8 256 119 8 256 8zM140 300h116v70.9c0 10.7 13 16.1 20.5 8.5l114.3-114.9c4.7-4.7 4.7-12.2 0-16.9l-114.3-115c-7.6-7.6-20.5-2.2-20.5 8.5V212H140c-6.6 0-12 5.4-12 12v64c0 6.6 5.4 12 12 12z\"><\/path><\/svg><\/span><span class=\"eael-advanced-accordion-icon-opened\"><svg aria-hidden=\"true\" class=\"fa-accordion-icon e-font-icon-svg e-fas-arrow-alt-circle-down\" viewbox=\"0 0 512 512\" xmlns=\"http:\/\/www.w3.org\/2000\/svg\"><path d=\"M504 256c0 137-111 248-248 248S8 393 8 256 119 8 256 8s248 111 248 248zM212 140v116h-70.9c-10.7 0-16.1 13-8.5 20.5l114.9 114.3c4.7 4.7 12.2 4.7 16.9 0l114.9-114.3c7.6-7.6 2.2-20.5-8.5-20.5H300V140c0-6.6-5.4-12-12-12h-64c-6.6 0-12 5.4-12 12z\"><\/path><\/svg><\/span><h4 class=\"eael-accordion-tab-title\">\u00bfPor qu\u00e9 contratar a Live Team para organizar una cena de empresa?<\/h4><\/div><div id=\"elementor-tab-content-2471\" class=\"eael-accordion-content clearfix\" data-tab=\"1\" aria-labelledby=\"por-qu-contratar-a-live-team-para-organizar-una-cena-de-empresa\"><p>Porque nos encargamos de todo: desde la idea y la b\u00fasqueda del espacio hasta la producci\u00f3n y el staff. As\u00ed tu empresa solo se preocupa de disfrutar del evento.<\/p><\/div>\n\t\t\t\t\t<\/div><div class=\"eael-accordion-list\">\n\t\t\t\t\t<div id=\"qu-presupuesto-necesito-para-organizar-un-evento-corporativo\" class=\"elementor-tab-title eael-accordion-header\" tabindex=\"0\" data-tab=\"2\" aria-controls=\"elementor-tab-content-2472\"><span class=\"eael-advanced-accordion-icon-closed\"><svg aria-hidden=\"true\" class=\"fa-accordion-icon e-font-icon-svg e-fas-arrow-alt-circle-right\" viewbox=\"0 0 512 512\" xmlns=\"http:\/\/www.w3.org\/2000\/svg\"><path d=\"M256 8c137 0 248 111 248 248S393 504 256 504 8 393 8 256 119 8 256 8zM140 300h116v70.9c0 10.7 13 16.1 20.5 8.5l114.3-114.9c4.7-4.7 4.7-12.2 0-16.9l-114.3-115c-7.6-7.6-20.5-2.2-20.5 8.5V212H140c-6.6 0-12 5.4-12 12v64c0 6.6 5.4 12 12 12z\"><\/path><\/svg><\/span><span class=\"eael-advanced-accordion-icon-opened\"><svg aria-hidden=\"true\" class=\"fa-accordion-icon e-font-icon-svg e-fas-arrow-alt-circle-down\" viewbox=\"0 0 512 512\" xmlns=\"http:\/\/www.w3.org\/2000\/svg\"><path d=\"M504 256c0 137-111 248-248 248S8 393 8 256 119 8 256 8s248 111 248 248zM212 140v116h-70.9c-10.7 0-16.1 13-8.5 20.5l114.9 114.3c4.7 4.7 12.2 4.7 16.9 0l114.9-114.3c7.6-7.6 2.2-20.5-8.5-20.5H300V140c0-6.6-5.4-12-12-12h-64c-6.6 0-12 5.4-12 12z\"><\/path><\/svg><\/span><h4 class=\"eael-accordion-tab-title\">\u00bfQu\u00e9 presupuesto necesito para organizar un evento corporativo?<\/h4><\/div><div id=\"elementor-tab-content-2472\" class=\"eael-accordion-content clearfix\" data-tab=\"2\" aria-labelledby=\"qu-presupuesto-necesito-para-organizar-un-evento-corporativo\"><p>Depende del n\u00famero de asistentes, el tipo de espacio y los servicios incluidos. Creamos propuestas a medida, adaptadas a tus necesidades y siempre con la mejor relaci\u00f3n calidad-precio.<\/p><\/div>\n\t\t\t\t\t<\/div><div class=\"eael-accordion-list\">\n\t\t\t\t\t<div id=\"con-cunta-antelacin-debo-reservar-la-organizacin-del-evento\" class=\"elementor-tab-title eael-accordion-header\" tabindex=\"0\" data-tab=\"3\" aria-controls=\"elementor-tab-content-2473\"><span class=\"eael-advanced-accordion-icon-closed\"><svg aria-hidden=\"true\" class=\"fa-accordion-icon e-font-icon-svg e-fas-arrow-alt-circle-right\" viewbox=\"0 0 512 512\" xmlns=\"http:\/\/www.w3.org\/2000\/svg\"><path d=\"M256 8c137 0 248 111 248 248S393 504 256 504 8 393 8 256 119 8 256 8zM140 300h116v70.9c0 10.7 13 16.1 20.5 8.5l114.3-114.9c4.7-4.7 4.7-12.2 0-16.9l-114.3-115c-7.6-7.6-20.5-2.2-20.5 8.5V212H140c-6.6 0-12 5.4-12 12v64c0 6.6 5.4 12 12 12z\"><\/path><\/svg><\/span><span class=\"eael-advanced-accordion-icon-opened\"><svg aria-hidden=\"true\" class=\"fa-accordion-icon e-font-icon-svg e-fas-arrow-alt-circle-down\" viewbox=\"0 0 512 512\" xmlns=\"http:\/\/www.w3.org\/2000\/svg\"><path d=\"M504 256c0 137-111 248-248 248S8 393 8 256 119 8 256 8s248 111 248 248zM212 140v116h-70.9c-10.7 0-16.1 13-8.5 20.5l114.9 114.3c4.7 4.7 12.2 4.7 16.9 0l114.9-114.3c7.6-7.6 2.2-20.5-8.5-20.5H300V140c0-6.6-5.4-12-12-12h-64c-6.6 0-12 5.4-12 12z\"><\/path><\/svg><\/span><h4 class=\"eael-accordion-tab-title\">\u00bfCon cu\u00e1nta antelaci\u00f3n debo reservar la organizaci\u00f3n del evento?<\/h4><\/div><div id=\"elementor-tab-content-2473\" class=\"eael-accordion-content clearfix\" data-tab=\"3\" aria-labelledby=\"con-cunta-antelacin-debo-reservar-la-organizacin-del-evento\"><p>Lo ideal es reservar con 2-3 meses de antelaci\u00f3n para asegurar disponibilidad de los mejores espacios y proveedores. Aun as\u00ed, tambi\u00e9n gestionamos eventos en plazos m\u00e1s cortos.<\/p><\/div>\n\t\t\t\t\t<\/div><div class=\"eael-accordion-list\">\n\t\t\t\t\t<div id=\"qu-servicios-incluye-la-organizacin-de-una-cena-de-empresa\" class=\"elementor-tab-title eael-accordion-header\" tabindex=\"0\" data-tab=\"4\" aria-controls=\"elementor-tab-content-2474\"><span class=\"eael-advanced-accordion-icon-closed\"><svg aria-hidden=\"true\" class=\"fa-accordion-icon e-font-icon-svg e-fas-arrow-alt-circle-right\" viewbox=\"0 0 512 512\" xmlns=\"http:\/\/www.w3.org\/2000\/svg\"><path d=\"M256 8c137 0 248 111 248 248S393 504 256 504 8 393 8 256 119 8 256 8zM140 300h116v70.9c0 10.7 13 16.1 20.5 8.5l114.3-114.9c4.7-4.7 4.7-12.2 0-16.9l-114.3-115c-7.6-7.6-20.5-2.2-20.5 8.5V212H140c-6.6 0-12 5.4-12 12v64c0 6.6 5.4 12 12 12z\"><\/path><\/svg><\/span><span class=\"eael-advanced-accordion-icon-opened\"><svg aria-hidden=\"true\" class=\"fa-accordion-icon e-font-icon-svg e-fas-arrow-alt-circle-down\" viewbox=\"0 0 512 512\" xmlns=\"http:\/\/www.w3.org\/2000\/svg\"><path d=\"M504 256c0 137-111 248-248 248S8 393 8 256 119 8 256 8s248 111 248 248zM212 140v116h-70.9c-10.7 0-16.1 13-8.5 20.5l114.9 114.3c4.7 4.7 12.2 4.7 16.9 0l114.9-114.3c7.6-7.6 2.2-20.5-8.5-20.5H300V140c0-6.6-5.4-12-12-12h-64c-6.6 0-12 5.4-12 12z\"><\/path><\/svg><\/span><h4 class=\"eael-accordion-tab-title\">\u00bfQu\u00e9 servicios incluye la organizaci\u00f3n de una cena de empresa?<\/h4><\/div><div id=\"elementor-tab-content-2474\" class=\"eael-accordion-content clearfix\" data-tab=\"4\" aria-labelledby=\"qu-servicios-incluye-la-organizacin-de-una-cena-de-empresa\"><p>Incluye la b\u00fasqueda de espacio, ambientaci\u00f3n, audiovisuales, staff profesional y coordinaci\u00f3n integral. Todo lo necesario para que tu cena sea \u00fanica e inolvidable.<\/p><\/div>\n\t\t\t\t\t<\/div><div class=\"eael-accordion-list\">\n\t\t\t\t\t<div id=\"qu-tipos-de-eventos-gestionis\" class=\"elementor-tab-title eael-accordion-header\" tabindex=\"0\" data-tab=\"5\" aria-controls=\"elementor-tab-content-2475\"><span class=\"eael-advanced-accordion-icon-closed\"><svg aria-hidden=\"true\" class=\"fa-accordion-icon e-font-icon-svg e-fas-arrow-alt-circle-right\" viewbox=\"0 0 512 512\" xmlns=\"http:\/\/www.w3.org\/2000\/svg\"><path d=\"M256 8c137 0 248 111 248 248S393 504 256 504 8 393 8 256 119 8 256 8zM140 300h116v70.9c0 10.7 13 16.1 20.5 8.5l114.3-114.9c4.7-4.7 4.7-12.2 0-16.9l-114.3-115c-7.6-7.6-20.5-2.2-20.5 8.5V212H140c-6.6 0-12 5.4-12 12v64c0 6.6 5.4 12 12 12z\"><\/path><\/svg><\/span><span class=\"eael-advanced-accordion-icon-opened\"><svg aria-hidden=\"true\" class=\"fa-accordion-icon e-font-icon-svg e-fas-arrow-alt-circle-down\" viewbox=\"0 0 512 512\" xmlns=\"http:\/\/www.w3.org\/2000\/svg\"><path d=\"M504 256c0 137-111 248-248 248S8 393 8 256 119 8 256 8s248 111 248 248zM212 140v116h-70.9c-10.7 0-16.1 13-8.5 20.5l114.9 114.3c4.7 4.7 12.2 4.7 16.9 0l114.9-114.3c7.6-7.6 2.2-20.5-8.5-20.5H300V140c0-6.6-5.4-12-12-12h-64c-6.6 0-12 5.4-12 12z\"><\/path><\/svg><\/span><h4 class=\"eael-accordion-tab-title\">\u00bfQu\u00e9 tipos de eventos gestion\u00e1is?<\/h4><\/div><div id=\"elementor-tab-content-2475\" class=\"eael-accordion-content clearfix\" data-tab=\"5\" aria-labelledby=\"qu-tipos-de-eventos-gestionis\"><p>En <strong>Live Team<\/strong> somos especialistas en la organizaci\u00f3n de eventos corporativos de todo tipo: cenas de gala, jornadas de innovaci\u00f3n, actividades de team building, family days, aniversarios, entregas de premios, showrooms y mucho m\u00e1s.<\/p><p>Durante los \u00faltimos a\u00f1os hemos acompa\u00f1ado a empresas e instituciones en la creaci\u00f3n de experiencias \u00fanicas, gestionando proyectos de diferentes magnitudes. Nos ocupamos de todo el proceso, desde la planificaci\u00f3n hasta la producci\u00f3n, para garantizar un resultado impecable en cada ocasi\u00f3n.<\/p><\/div>\n\t\t\t\t\t<\/div><\/div>\t\t\t\t<\/div>\n\t\t\t\t<\/div>\n\t\t\t\t\t<\/div>\n\t\t<\/div>\n\t\t\t\t\t<\/div>\n\t\t<\/section>\n\t\t\t\t\t<\/div>\n\t\t<\/div>\n\t\t\t\t\t<\/div>\n\t\t<\/section>\n\t\t\t\t<\/div>","protected":false},"excerpt":{"rendered":"<p>\u00a1Gracias por confiar en Live Team! Hemos recibido tu solicitud y en breve uno de nuestros especialistas en eventos se pondr\u00e1 en contacto contigo. Mientras tanto, piensa en la experiencia que quieres crear: nosotros nos encargamos de que sea inolvidable. \u00bfTienes alguna duda? \u00bfPor qu\u00e9 contratar a Live Team para organizar una cena de empresa? [&hellip;]<\/p>","protected":false},"author":1,"featured_media":0,"parent":0,"menu_order":0,"comment_status":"closed","ping_status":"closed","template":"elementor_header_footer","meta":{"footnotes":""},"class_list":["post-1063","page","type-page","status-publish","hentry"],"yoast_head":"<!-- This site is optimized with the Yoast SEO plugin v26.2 - https:\/\/yoast.com\/wordpress\/plugins\/seo\/ -->\n<title>P\u00e1gina de Gracias ads -<\/title>\n<meta name=\"robots\" content=\"index, follow, max-snippet:-1, max-image-preview:large, max-video-preview:-1\" \/>\n<link rel=\"canonical\" href=\"https:\/\/liveteam.es\/en\/pagina-de-gracias-ads\/\" \/>\n<meta property=\"og:locale\" content=\"en_US\" \/>\n<meta property=\"og:type\" content=\"article\" \/>\n<meta property=\"og:title\" content=\"P\u00e1gina de Gracias ads -\" \/>\n<meta property=\"og:description\" content=\"\u00a1Gracias por confiar en Live Team! Hemos recibido tu solicitud y en breve uno de nuestros especialistas en eventos se pondr\u00e1 en contacto contigo. Mientras tanto, piensa en la experiencia que quieres crear: nosotros nos encargamos de que sea inolvidable. \u00bfTienes alguna duda? \u00bfPor qu\u00e9 contratar a Live Team para organizar una cena de empresa? [&hellip;]\" \/>\n<meta property=\"og:url\" content=\"https:\/\/liveteam.es\/en\/pagina-de-gracias-ads\/\" \/>\n<meta property=\"article:modified_time\" content=\"2025-10-03T21:42:38+00:00\" \/>\n<meta name=\"twitter:card\" content=\"summary_large_image\" \/>\n<meta name=\"twitter:label1\" content=\"Est. reading time\" \/>\n\t<meta name=\"twitter:data1\" content=\"1 minute\" \/>\n<script type=\"application\/ld+json\" class=\"yoast-schema-graph\">{\"@context\":\"https:\/\/schema.org\",\"@graph\":[{\"@type\":\"WebPage\",\"@id\":\"https:\/\/liveteam.es\/pagina-de-gracias-ads\/\",\"url\":\"https:\/\/liveteam.es\/pagina-de-gracias-ads\/\",\"name\":\"P\u00e1gina de Gracias ads -\",\"isPartOf\":{\"@id\":\"https:\/\/liveteam.es\/#website\"},\"datePublished\":\"2025-10-03T21:18:50+00:00\",\"dateModified\":\"2025-10-03T21:42:38+00:00\",\"breadcrumb\":{\"@id\":\"https:\/\/liveteam.es\/pagina-de-gracias-ads\/#breadcrumb\"},\"inLanguage\":\"en-US\",\"potentialAction\":[{\"@type\":\"ReadAction\",\"target\":[\"https:\/\/liveteam.es\/pagina-de-gracias-ads\/\"]}]},{\"@type\":\"BreadcrumbList\",\"@id\":\"https:\/\/liveteam.es\/pagina-de-gracias-ads\/#breadcrumb\",\"itemListElement\":[{\"@type\":\"ListItem\",\"position\":1,\"name\":\"Portada\",\"item\":\"https:\/\/liveteam.es\/\"},{\"@type\":\"ListItem\",\"position\":2,\"name\":\"P\u00e1gina de Gracias ads\"}]},{\"@type\":\"WebSite\",\"@id\":\"https:\/\/liveteam.es\/#website\",\"url\":\"https:\/\/liveteam.es\/\",\"name\":\"\",\"description\":\"\",\"potentialAction\":[{\"@type\":\"SearchAction\",\"target\":{\"@type\":\"EntryPoint\",\"urlTemplate\":\"https:\/\/liveteam.es\/?s={search_term_string}\"},\"query-input\":{\"@type\":\"PropertyValueSpecification\",\"valueRequired\":true,\"valueName\":\"search_term_string\"}}],\"inLanguage\":\"en-US\"}]}<\/script>\n<!-- \/ Yoast SEO plugin. -->","yoast_head_json":{"title":"P\u00e1gina de Gracias ads -","robots":{"index":"index","follow":"follow","max-snippet":"max-snippet:-1","max-image-preview":"max-image-preview:large","max-video-preview":"max-video-preview:-1"},"canonical":"https:\/\/liveteam.es\/en\/pagina-de-gracias-ads\/","og_locale":"en_US","og_type":"article","og_title":"P\u00e1gina de Gracias ads -","og_description":"\u00a1Gracias por confiar en Live Team! Hemos recibido tu solicitud y en breve uno de nuestros especialistas en eventos se pondr\u00e1 en contacto contigo. Mientras tanto, piensa en la experiencia que quieres crear: nosotros nos encargamos de que sea inolvidable. \u00bfTienes alguna duda? \u00bfPor qu\u00e9 contratar a Live Team para organizar una cena de empresa? [&hellip;]","og_url":"https:\/\/liveteam.es\/en\/pagina-de-gracias-ads\/","article_modified_time":"2025-10-03T21:42:38+00:00","twitter_card":"summary_large_image","twitter_misc":{"Est. reading time":"1 minute"},"schema":{"@context":"https:\/\/schema.org","@graph":[{"@type":"WebPage","@id":"https:\/\/liveteam.es\/pagina-de-gracias-ads\/","url":"https:\/\/liveteam.es\/pagina-de-gracias-ads\/","name":"P\u00e1gina de Gracias ads -","isPartOf":{"@id":"https:\/\/liveteam.es\/#website"},"datePublished":"2025-10-03T21:18:50+00:00","dateModified":"2025-10-03T21:42:38+00:00","breadcrumb":{"@id":"https:\/\/liveteam.es\/pagina-de-gracias-ads\/#breadcrumb"},"inLanguage":"en-US","potentialAction":[{"@type":"ReadAction","target":["https:\/\/liveteam.es\/pagina-de-gracias-ads\/"]}]},{"@type":"BreadcrumbList","@id":"https:\/\/liveteam.es\/pagina-de-gracias-ads\/#breadcrumb","itemListElement":[{"@type":"ListItem","position":1,"name":"Portada","item":"https:\/\/liveteam.es\/"},{"@type":"ListItem","position":2,"name":"P\u00e1gina de Gracias ads"}]},{"@type":"WebSite","@id":"https:\/\/liveteam.es\/#website","url":"https:\/\/liveteam.es\/","name":"","description":"","potentialAction":[{"@type":"SearchAction","target":{"@type":"EntryPoint","urlTemplate":"https:\/\/liveteam.es\/?s={search_term_string}"},"query-input":{"@type":"PropertyValueSpecification","valueRequired":true,"valueName":"search_term_string"}}],"inLanguage":"en-US"}]}},"_links":{"self":[{"href":"https:\/\/liveteam.es\/en\/wp-json\/wp\/v2\/pages\/1063","targetHints":{"allow":["GET"]}}],"collection":[{"href":"https:\/\/liveteam.es\/en\/wp-json\/wp\/v2\/pages"}],"about":[{"href":"https:\/\/liveteam.es\/en\/wp-json\/wp\/v2\/types\/page"}],"author":[{"embeddable":true,"href":"https:\/\/liveteam.es\/en\/wp-json\/wp\/v2\/users\/1"}],"replies":[{"embeddable":true,"href":"https:\/\/liveteam.es\/en\/wp-json\/wp\/v2\/comments?post=1063"}],"version-history":[{"count":5,"href":"https:\/\/liveteam.es\/en\/wp-json\/wp\/v2\/pages\/1063\/revisions"}],"predecessor-version":[{"id":2107,"href":"https:\/\/liveteam.es\/en\/wp-json\/wp\/v2\/pages\/1063\/revisions\/2107"}],"wp:attachment":[{"href":"https:\/\/liveteam.es\/en\/wp-json\/wp\/v2\/media?parent=1063"}],"curies":[{"name":"wp","href":"https:\/\/api.w.org\/{rel}","templated":true}]}}